{"id":1750,"date":"2021-04-30T06:18:31","date_gmt":"2021-04-30T06:18:31","guid":{"rendered":"https:\/\/www.devsnews.com\/wp\/medidove\/about-02-copy\/"},"modified":"2026-02-09T17:18:44","modified_gmt":"2026-02-09T14:18:44","slug":"about-us","status":"publish","type":"page","link":"https:\/\/www.drgorkemgoker.com\/en\/about-us\/","title":{"rendered":"About Us"},"content":{"rendered":"\t\t<div data-elementor-type=\"wp-post\" data-elementor-id=\"1750\" class=\"elementor elementor-1750\">\n\t\t\t\t\t\t\t<div class=\"elementor-element elementor-element-6f0f1e4 e-flex e-con-boxed e-con e-parent\" data-id=\"6f0f1e4\" data-element_type=\"container\" data-settings=\"{&quot;content_width&quot;:&quot;boxed&quot;}\" data-core-v316-plus=\"true\">\n\t\t\t\t\t<div class=\"e-con-inner\">\n\t\t<div class=\"elementor-element elementor-element-0c5db46 e-con-full e-flex e-con e-child\" data-id=\"0c5db46\" data-element_type=\"container\" data-settings=\"{&quot;content_width&quot;:&quot;full&quot;}\">\n\t\t\t\t<div class=\"elementor-element elementor-element-e18faa3 elementor-widget__width-initial elementor-widget elementor-widget-image\" data-id=\"e18faa3\" data-element_type=\"widget\" data-widget_type=\"image.default\">\n\t\t\t\t<div class=\"elementor-widget-container\">\n\t\t\t<style>\/*! elementor - v3.18.0 - 20-12-2023 *\/\n.elementor-widget-image{text-align:center}.elementor-widget-image a{display:inline-block}.elementor-widget-image a img[src$=\".svg\"]{width:48px}.elementor-widget-image img{vertical-align:middle;display:inline-block}<\/style>\t\t\t\t\t\t\t\t\t\t\t\t<img fetchpriority=\"high\" decoding=\"async\" width=\"640\" height=\"889\" src=\"https:\/\/www.drgorkemgoker.com\/en\/wp-content\/uploads\/2023\/12\/doctorgoker-e1702060734561-737x1024.jpeg\" class=\"attachment-large size-large wp-image-3307\" alt=\"\" srcset=\"https:\/\/www.drgorkemgoker.com\/en\/wp-content\/uploads\/2023\/12\/doctorgoker-e1702060734561-737x1024.jpeg 737w, https:\/\/www.drgorkemgoker.com\/en\/wp-content\/uploads\/2023\/12\/doctorgoker-e1702060734561-216x300.jpeg 216w, https:\/\/www.drgorkemgoker.com\/en\/wp-content\/uploads\/2023\/12\/doctorgoker-e1702060734561-768x1067.jpeg 768w, https:\/\/www.drgorkemgoker.com\/en\/wp-content\/uploads\/2023\/12\/doctorgoker-e1702060734561.jpeg 1047w\" sizes=\"(max-width: 640px) 100vw, 640px\" \/>\t\t\t\t\t\t\t\t\t\t\t\t\t\t\t<\/div>\n\t\t\t\t<\/div>\n\t\t\t\t<\/div>\n\t\t<div class=\"elementor-element elementor-element-89e3add e-con-full e-flex e-con e-child\" data-id=\"89e3add\" data-element_type=\"container\" data-settings=\"{&quot;content_width&quot;:&quot;full&quot;}\">\n\t\t\t\t<div class=\"elementor-element elementor-element-9d48264 elementor-widget elementor-widget-heading\" data-id=\"9d48264\" data-element_type=\"widget\" data-widget_type=\"heading.default\">\n\t\t\t\t<div class=\"elementor-widget-container\">\n\t\t\t<style>\/*! elementor - v3.18.0 - 20-12-2023 *\/\n.elementor-heading-title{padding:0;margin:0;line-height:1}.elementor-widget-heading .elementor-heading-title[class*=elementor-size-]>a{color:inherit;font-size:inherit;line-height:inherit}.elementor-widget-heading .elementor-heading-title.elementor-size-small{font-size:15px}.elementor-widget-heading .elementor-heading-title.elementor-size-medium{font-size:19px}.elementor-widget-heading .elementor-heading-title.elementor-size-large{font-size:29px}.elementor-widget-heading .elementor-heading-title.elementor-size-xl{font-size:39px}.elementor-widget-heading .elementor-heading-title.elementor-size-xxl{font-size:59px}<\/style><h2 class=\"elementor-heading-title elementor-size-default\">G\u00f6rkem G\u00d6KER<\/h2>\t\t<\/div>\n\t\t\t\t<\/div>\n\t\t\t\t<div class=\"elementor-element elementor-element-f4dd0b0 elementor-widget elementor-widget-heading\" data-id=\"f4dd0b0\" data-element_type=\"widget\" data-widget_type=\"heading.default\">\n\t\t\t\t<div class=\"elementor-widget-container\">\n\t\t\t<h4 class=\"elementor-heading-title elementor-size-default\">Aesthetic Specialist Dentist\u200b<\/h4>\t\t<\/div>\n\t\t\t\t<\/div>\n\t\t\t\t<div class=\"elementor-element elementor-element-89ea45b elementor-widget elementor-widget-text-editor\" data-id=\"89ea45b\" data-element_type=\"widget\" data-widget_type=\"text-editor.default\">\n\t\t\t\t<div class=\"elementor-widget-container\">\n\t\t\t<style>\/*! elementor - v3.18.0 - 20-12-2023 *\/\n.elementor-widget-text-editor.elementor-drop-cap-view-stacked .elementor-drop-cap{background-color:#69727d;color:#fff}.elementor-widget-text-editor.elementor-drop-cap-view-framed .elementor-drop-cap{color:#69727d;border:3px solid;background-color:transparent}.elementor-widget-text-editor:not(.elementor-drop-cap-view-default) .elementor-drop-cap{margin-top:8px}.elementor-widget-text-editor:not(.elementor-drop-cap-view-default) .elementor-drop-cap-letter{width:1em;height:1em}.elementor-widget-text-editor .elementor-drop-cap{float:left;text-align:center;line-height:1;font-size:50px}.elementor-widget-text-editor .elementor-drop-cap-letter{display:inline-block}<\/style>\t\t\t\t<p>Specialist Dt. G\u00f6rkem G\u00f6ker completed his dentistry education at Yeditepe University Faculty of Dentistry.<\/p><p>After graduation, he started Ankara University Faculty of Dentistry, successfully completed his specialization training on Prosthesis and Aesthetic Dentistry and received the title of specialist.<\/p><p>He has especially focused on laminates (E-max Laminate Veneer) under the title of aesthetic smile design and has made hundreds of successful smile designs.<\/p><p>He specializes in complex cases on full mouth zirconium porcelain veneers, e-max veneers, implant-supported prostheses and veneers.<\/p><p>He follows the most up-to-date treatment approaches in dentistry and has given many scientific posters and oral presentations.<\/p>\t\t\t\t\t\t<\/div>\n\t\t\t\t<\/div>\n\t\t\t\t<\/div>\n\t\t\t\t\t<\/div>\n\t\t\t\t<\/div>\n\t\t<div class=\"elementor-element elementor-element-0c591f7 e-flex e-con-boxed e-con e-parent\" data-id=\"0c591f7\" data-element_type=\"container\" data-settings=\"{&quot;content_width&quot;:&quot;boxed&quot;}\" data-core-v316-plus=\"true\">\n\t\t\t\t\t<div class=\"e-con-inner\">\n\t\t<div class=\"elementor-element elementor-element-ae52768 e-con-full e-flex e-con e-child\" data-id=\"ae52768\" data-element_type=\"container\" data-settings=\"{&quot;content_width&quot;:&quot;full&quot;}\">\n\t\t\t\t<div class=\"elementor-element elementor-element-12880e3 elementor-widget elementor-widget-text-editor\" data-id=\"12880e3\" data-element_type=\"widget\" data-widget_type=\"text-editor.default\">\n\t\t\t\t<div class=\"elementor-widget-container\">\n\t\t\t\t\t\t\t<div class=\"mv-single-list d-flex\"><div class=\"mv-text\"><p class=\"bdevs-el-mission-item\">ORAL PRESENTATIONS<\/p><\/div><\/div><div class=\"mv-single-list d-flex\"><div class=\"mv-text\"><p class=\"bdevs-el-mission-item\">\u00dc\u00e7ta\u015fl\u0131 S, Erdo\u011f M, G\u00f6ker G, T\u00fcrk\u00f6z Y. Predictable restoration for extensive crown loss: fiber post-core supported high strength full ceramic crown restorations.<\/p><p>21th BaSS Congress<\/p><p>12-15 May 2016, Banja Luka, Bosnia-Herzegovina<\/p><\/div><\/div><div class=\"mv-single-list d-flex\"><div class=\"mv-text\"><p class=\"bdevs-el-mission-item\">POSTER PRESENTATIONS<\/p><\/div><\/div><div class=\"mv-single-list d-flex\"><div class=\"mv-text\"><p class=\"bdevs-el-mission-item\">\u00dc\u00e7ta\u015fl\u0131 S, G\u00f6ker G. The all-on four treatment concept: A systematic review 2010-2016<\/p><p>WAOI 2016 Congress<\/p><p>21-24 April 2016, Antalya-T\u00dcRK\u0130YE<\/p><\/div><\/div><div class=\"mv-single-list d-flex\"><div class=\"mv-text\"><p class=\"bdevs-el-mission-item\">\u00dc\u00e7ta\u015fl\u0131, G\u00f6rkem G\u00f6ker. Rehabilitation of anterior maxillary defect utilising by implant supported removable partial denture.<\/p><p>21th BaSS Congress<\/p><p>12-15 May 2016, Banja Luka, Bosnia-Herzegovina<\/p><\/div><\/div><div class=\"mv-single-list d-flex\"><div class=\"mv-text\"><p class=\"bdevs-el-mission-item\">\u00dc\u00e7ta\u015fl\u0131 S, G\u00f6ker G, Erdog M. Single implant retained overdenture: for edentulous patients: A systematic review 2010-2016<\/p><p>8th Dentist World Implant Symposium<\/p><p>19-22 May 2016, Antalya, T\u00dcRK\u0130YE<\/p><\/div><\/div><div class=\"mv-single-list d-flex\"><div class=\"mv-text\"><p class=\"bdevs-el-mission-item\">\u00dc\u00e7ta\u015fl\u0131 S, G\u00f6ker G, Mutluay M. Mandibular implant supported overdentures: attachment systems and number and locations of implants.<\/p><p>8th Dentist World Implant Symposium<\/p><p>19-22 May 2016, Antalya, T\u00dcRK\u0130YE<\/p><\/div><\/div><div class=\"mv-single-list d-flex\"><div class=\"mv-text\"><p class=\"bdevs-el-mission-item\">\u00dc\u00e7ta\u015fl\u0131 S, G\u00f6ker G, Y\u0131ld\u0131r\u0131m B. Porcelain laminate veneer restorations for permanent and primary teeth: clinical report and literature review.<\/p><p>TDB 22. International Dentistry Congress<\/p><p>19-21 May 2016 \u0130zmir, T\u00dcRK\u0130YE<\/p><\/div><\/div><div class=\"mv-single-list d-flex\"><div class=\"mv-text\"><p class=\"bdevs-el-mission-item\">\u00dc\u00e7ta\u015fl\u0131 S, G\u00f6ker G. Cost of two implant supported mandibular overdentures opposed to maxillary complete denture.<\/p><p>22nd Balkan Stomatological Society Congress<\/p><p>4-7 May 2017, Thessaloniki, Greece<\/p><\/div><\/div><div class=\"mv-single-list d-flex\"><div class=\"mv-text\"><p class=\"bdevs-el-mission-item\">\u00dc\u00e7ta\u015fl\u0131 S, G\u00f6ker G, G\u00f6r\u00fcrg\u00f6z C, Erdo\u011f M. Complication Associated With Single Dental Implants By Screw Loosening.<\/p><p>10th Dentist World Implant Symposium<\/p><p>10-13 May 2018, Antalya, T\u00dcRK\u0130YE<\/p><\/div><\/div>\t\t\t\t\t\t<\/div>\n\t\t\t\t<\/div>\n\t\t\t\t<\/div>\n\t\t\t\t\t<\/div>\n\t\t\t\t<\/div>\n\t\t\t\t<section class=\"elementor-section elementor-top-section elementor-element elementor-element-bc69a8b elementor-section-full_width elementor-section-height-default elementor-section-height-default\" data-id=\"bc69a8b\" data-element_type=\"section\" data-settings=\"{&quot;background_background&quot;:&quot;classic&quot;}\">\n\t\t\t\t\t\t<div class=\"elementor-container elementor-column-gap-no\">\n\t\t\t\t\t<div class=\"elementor-column elementor-col-100 elementor-top-column elementor-element elementor-element-6b2aa6d\" data-id=\"6b2aa6d\" data-element_type=\"column\" data-settings=\"{&quot;background_background&quot;:&quot;classic&quot;}\">\n\t\t\t<div class=\"elementor-widget-wrap elementor-element-populated\">\n\t\t\t\t\t\t\t\t<div class=\"elementor-element elementor-element-e5f9766 elementor-align-center elementor-widget elementor-widget-bdevs-cta\" data-id=\"e5f9766\" data-element_type=\"widget\" data-widget_type=\"bdevs-cta.default\">\n\t\t\t\t<div class=\"elementor-widget-container\">\n\t\t\t        \t<style>\n        \t\t.fact-map::before {\n\t\t\t\t\tbackground-image: url();\n\t\t\t\t}\n        \t<\/style>\n\n\t        <!-- fact-area start -->\n\t        <section class=\"fact-area fact-map pos-rel\">\n\t            <div class=\"container\">\n\t                <div class=\"row align-items-center\">\n\t                    <div class=\"col-xl-10 offset-xl-1\">\n\t                        <div class=\"section-title pos-rel tp-el-content\">\n\t                            <div class=\"section-text section-text-white pos-rel \">\n\t\t                            \t\t\t\t\t\t\t            <h5 class=\"tp-el-subtitle f-400\">\"We Are Here for Healthy Smiles\"<\/h5>\n\t\t\t\t\t\t\t         \n\n\t\t\t\t\t\t\t\t\t\t\t\t\t\t\t                <h2 class=\"tp-el-title sec-title mb-0\">We are here for you, for a healthy smile.<\/h2>\n\t\t\t\t\t\t             \n\t                            <\/div>\n\t                        <\/div>\n\t                    <\/div>\n\t                <\/div>\n\t            <\/div>\n\t        <\/section>\n\t        <!-- fact-area end -->\n\n\t        \t\t\t<\/div>\n\t\t\t\t<\/div>\n\t\t\t\t\t<\/div>\n\t\t<\/div>\n\t\t\t\t\t\t\t<\/div>\n\t\t<\/section>\n\t\t<div class=\"elementor-element elementor-element-32aea5e5 e-con-full e-flex e-con e-parent\" data-id=\"32aea5e5\" data-element_type=\"container\" data-settings=\"{&quot;content_width&quot;:&quot;full&quot;}\" data-core-v316-plus=\"true\">\n\t\t<div class=\"elementor-element elementor-element-50fb1837 e-flex e-con-boxed e-con e-child\" data-id=\"50fb1837\" data-element_type=\"container\" data-settings=\"{&quot;content_width&quot;:&quot;boxed&quot;}\">\n\t\t\t\t\t<div class=\"e-con-inner\">\n\t\t\t\t<div class=\"elementor-element elementor-element-6e945944 elementor-widget elementor-widget-text-editor\" data-id=\"6e945944\" data-element_type=\"widget\" data-widget_type=\"text-editor.default\">\n\t\t\t\t<div class=\"elementor-widget-container\">\n\t\t\t\t\t\t\t<h5 style=\"text-align: center;\"><span style=\"color: #ffffff;\"><i class=\"fa-brands fa-square-instagram\" style=\"text-align: center;\">\u00a0<\/i><a style=\"color: #ffffff;\" href=\"https:\/\/www.instagram.com\/dr.gorkemgoker\/\" target=\"_blank\" rel=\"noopener\">Instagram<\/a>\u00a0 |\u00a0 <i class=\"fa-solid fa-phone\" style=\"text-align: center;\">\u00a0<\/i><a style=\"color: #ffffff;\" href=\"https:\/\/www.drgorkemgoker.com\/en\/contact-us\/\" rel=\"noopener\">Contact Us<\/a>\u00a0 |\u00a0\u00a0<i class=\"fa-solid fa-calendar-check\" style=\"text-align: center;\">\u00a0<\/i><a style=\"color: #ffffff;\" href=\"https:\/\/www.drgorkemgoker.com\/en\/make-an-appointment\/\" rel=\"noopener\">Make an Appointment<\/a><\/span><\/h5>\n<p style=\"text-align: center;\"><span style=\"color: #ffffff;\"><i class=\"far fa-envelope\">\u00a0<\/i><a style=\"color: #ffffff;\" href=\"mailto:info@drgorkemgoker.com\" target=\"_blank\" rel=\"noopener\">info@drgorkemgoker.com<\/a>\u00a0 |\u00a0 <i class=\"fas fa-phone\"><\/i>\u00a0<a style=\"color: #ffffff;\" href=\"tel:+905306718850\">+90 (530) 671 88 50<\/a> \u00a0 | \u00a0 <i class=\"far fa-flag\"><\/i>\u00a0<a style=\"color: #ffffff;\" href=\"https:\/\/maps.app.goo.gl\/hT8vbGYiBrjfAVS77\" target=\"_blank\" rel=\"noopener\">Feneryolu Mah. Ba\u011fdat Cad. No:71 \u0130stanbul\/T\u00fcrkiye<\/a><\/span><\/p>\n<p style=\"text-align: center;\"><span style=\"color: #ffffff;\"><a style=\"color: #ffffff;\" href=\"https:\/\/www.drgorkemgoker.com\/en\/prepless-veneer\/\">Prepless Veneer<\/a>\u00a0|\u00a0<a style=\"color: #ffffff;\" href=\"https:\/\/www.drgorkemgoker.com\/en\/aesthetic-fillings\/\">Aesthetic Fillings<\/a>\u00a0|\u00a0<a style=\"color: #ffffff;\" href=\"https:\/\/www.drgorkemgoker.com\/en\/zirconium-dental-veneers\/\">Zirconium Veneers<\/a>\u00a0|\u00a0<a style=\"color: #ffffff;\" href=\"https:\/\/www.drgorkemgoker.com\/en\/porcelain-laminates\/\">Porcelain Laminates<\/a>\u00a0|\u00a0<a style=\"color: #ffffff;\" href=\"https:\/\/www.drgorkemgoker.com\/en\/personalized-smile-design\/\">Smile Design<\/a><\/span><\/p>\n<p style=\"text-align: center;\"><span style=\"color: #ffffff;\">\u201cThe information contained on the website is to provide support. It is not a substitute for the physician examining the patient for medical purposes and making a diagnosis.\u201d<\/span><\/p>\t\t\t\t\t\t<\/div>\n\t\t\t\t<\/div>\n\t\t\t\t\t<\/div>\n\t\t\t\t<\/div>\n\t\t\t\t<\/div>\n\t\t\t\t\t\t\t<\/div>\n\t\t","protected":false},"excerpt":{"rendered":"<p>G\u00f6rkem G\u00d6KER Aesthetic Specialist Dentist\u200b Specialist Dt. G\u00f6rkem G\u00f6ker completed his dentistry education at Yeditepe University Faculty of Dentistry. After graduation, he started Ankara University Faculty of Dentistry, successfully completed his specialization training on Prosthesis and Aesthetic Dentistry and received the title of specialist. He has especially focused on laminates (E-max Laminate Veneer) under the [&hellip;]<\/p>\n","protected":false},"author":1,"featured_media":0,"parent":0,"menu_order":0,"comment_status":"closed","ping_status":"closed","template":"elementor_header_footer","meta":{"footnotes":""},"class_list":["post-1750","page","type-page","status-publish","hentry"],"acf":[],"_links":{"self":[{"href":"https:\/\/www.drgorkemgoker.com\/en\/wp-json\/wp\/v2\/pages\/1750","targetHints":{"allow":["GET"]}}],"collection":[{"href":"https:\/\/www.drgorkemgoker.com\/en\/wp-json\/wp\/v2\/pages"}],"about":[{"href":"https:\/\/www.drgorkemgoker.com\/en\/wp-json\/wp\/v2\/types\/page"}],"author":[{"embeddable":true,"href":"https:\/\/www.drgorkemgoker.com\/en\/wp-json\/wp\/v2\/users\/1"}],"replies":[{"embeddable":true,"href":"https:\/\/www.drgorkemgoker.com\/en\/wp-json\/wp\/v2\/comments?post=1750"}],"version-history":[{"count":96,"href":"https:\/\/www.drgorkemgoker.com\/en\/wp-json\/wp\/v2\/pages\/1750\/revisions"}],"predecessor-version":[{"id":5448,"href":"https:\/\/www.drgorkemgoker.com\/en\/wp-json\/wp\/v2\/pages\/1750\/revisions\/5448"}],"wp:attachment":[{"href":"https:\/\/www.drgorkemgoker.com\/en\/wp-json\/wp\/v2\/media?parent=1750"}],"curies":[{"name":"wp","href":"https:\/\/api.w.org\/{rel}","templated":true}]}}