{"id":18,"date":"2019-05-27T03:24:13","date_gmt":"2019-05-27T03:24:13","guid":{"rendered":"http:\/\/bdevs.net\/theme\/medidove\/?page_id=18"},"modified":"2026-04-28T11:19:00","modified_gmt":"2026-04-28T08:19:00","slug":"contact-us","status":"publish","type":"page","link":"https:\/\/www.drgorkemgoker.com\/en\/contact-us\/","title":{"rendered":"Contact"},"content":{"rendered":"\t\t<div data-elementor-type=\"wp-post\" data-elementor-id=\"18\" class=\"elementor elementor-18\">\n\t\t\t\t\t\t\t\t\t<section class=\"elementor-section elementor-top-section elementor-element elementor-element-03af5f6 elementor-section-full_width elementor-section-height-default elementor-section-height-default\" data-id=\"03af5f6\" data-element_type=\"section\">\n\t\t\t\t\t\t<div class=\"elementor-container elementor-column-gap-no\">\n\t\t\t\t\t<div class=\"elementor-column elementor-col-100 elementor-top-column elementor-element elementor-element-92e40ef\" data-id=\"92e40ef\" data-element_type=\"column\">\n\t\t\t<div class=\"elementor-widget-wrap elementor-element-populated\">\n\t\t\t\t\t\t\t\t<div class=\"elementor-element elementor-element-c4a555a elementor-align-left elementor-widget elementor-widget-bdevs-contact-info\" data-id=\"c4a555a\" data-element_type=\"widget\" data-widget_type=\"bdevs-contact-info.default\">\n\t\t\t\t<div class=\"elementor-widget-container\">\n\t\t\t\n\t   \t<section class=\"contact-area\">\n            <div class=\"container\">\n                <div class=\"row\">\n\t\t\t\t\t                    <div class=\"col-xl-4 col-lg-4 col-md-4\">\n                        <div class=\"contact text-center bdevs-el-content mb-30\">\n                        \t                            \t<i class=\"bdevs-el-video fas fa-envelope\"><\/i>\n                        \t\t\n                            \t\t\t\t\t\t\t\t<h3 class=\"bdevs-el-title\">E-Mail<\/h3>\n\t\t\t\t\t\t\t\t\n\n                            \t\t\t\t\t\t\t\t<p class=\"bdevs-el-subtitle\"><a href=\"mailto:gokergorkem@gmail.com\"> gokergorkem@gmail.com <\/a><\/p>\n\t\t\t\t\t\t\t\t\n                        <\/div>\n                    <\/div>\n                                        <div class=\"col-xl-4 col-lg-4 col-md-4\">\n                        <div class=\"contact text-center bdevs-el-content mb-30\">\n                        \t                            \t<i class=\"bdevs-el-video fas fa-map-marker-alt\"><\/i>\n                        \t\t\n                            \t\t\t\t\t\t\t\t<h3 class=\"bdevs-el-title\">Address<\/h3>\n\t\t\t\t\t\t\t\t\n\n                            \t\t\t\t\t\t\t\t<p class=\"bdevs-el-subtitle\"><a href=\"https:\/\/maps.app.goo.gl\/wmQafdR4qRPnedYY8\">Feneryolu, Ba\u011fdat St. No:71 Istanbul\/Turkey<\/a><\/p>\n\t\t\t\t\t\t\t\t\n                        <\/div>\n                    <\/div>\n                                        <div class=\"col-xl-4 col-lg-4 col-md-4\">\n                        <div class=\"contact text-center bdevs-el-content mb-30\">\n                        \t                            \t<i class=\"bdevs-el-video fas fa-phone\"><\/i>\n                        \t\t\n                            \t\t\t\t\t\t\t\t<h3 class=\"bdevs-el-title\">Phone<\/h3>\n\t\t\t\t\t\t\t\t\n\n                            \t\t\t\t\t\t\t\t<p class=\"bdevs-el-subtitle\"><a href=\"tel:+905306718850\">+90 (530) 671 88 50<\/a><\/p>\n\t\t\t\t\t\t\t\t\n                        <\/div>\n                    <\/div>\n                    \t\n                <\/div>\n            <\/div>\n        <\/section>\n        \t\n\t\t\t<\/div>\n\t\t\t\t<\/div>\n\t\t\t\t\t<\/div>\n\t\t<\/div>\n\t\t\t\t\t\t\t<\/div>\n\t\t<\/section>\n\t\t\t\t<section class=\"elementor-section elementor-top-section elementor-element elementor-element-e76ed49 elementor-section-boxed elementor-section-height-default elementor-section-height-default\" data-id=\"e76ed49\" data-element_type=\"section\" data-settings=\"{&quot;background_background&quot;:&quot;classic&quot;}\">\n\t\t\t\t\t\t<div class=\"elementor-container elementor-column-gap-default\">\n\t\t\t\t\t<div class=\"elementor-column elementor-col-100 elementor-top-column elementor-element elementor-element-5b9c9a6\" data-id=\"5b9c9a6\" data-element_type=\"column\">\n\t\t\t<div class=\"elementor-widget-wrap elementor-element-populated\">\n\t\t\t\t\t\t\t\t<div class=\"elementor-element elementor-element-b9c803c elementor-align-center elementor-widget elementor-widget-bdevs-heading\" data-id=\"b9c803c\" data-element_type=\"widget\" data-widget_type=\"bdevs-heading.default\">\n\t\t\t\t<div class=\"elementor-widget-container\">\n\t\t\t            <div class=\"section-title pos-rel tp-el-content\">\n\n            \t                <div class=\"section-icon\">\n                    <img decoding=\"async\" class=\"section-back-icon back-icon-left\" src=\"https:\/\/www.drgorkemgoker.com\/en\/wp-content\/themes\/drgg\/img\/section\/section-back-icon.png\" alt=\"img\">\n                <\/div>\n                \t\n\n                <div class=\"section-text pos-rel\">\n\t\t\t\t\t\t\t\t\t\t<h5 class=\"tp-el-subtitle\">For everything you wonder<\/h5>\n\t\t\t\t\t\t\n\n                    \t\t\t\t\t<h2 class=\"sec-title tp-el-title\">Write us<\/h2>\n\t\t\t\t\t\n\t\t\t\t\t\t\t\n                <\/div>\n\n\t\t\t\t\t\t\t\t\t\t\t\t\t\t\t\t\t<div class=\"section-line pos-rel\">\n\t\t\t\t\t\t<img decoding=\"async\" src=\"https:\/\/www.drgorkemgoker.com\/en\/wp-content\/uploads\/2019\/05\/section-title-line-1.png\" alt=\"img\">\n\t\t\t\t\t<\/div>\n\t\t\t\t\n                                            <\/div>\n\n        \t\t\n\t\t\t<\/div>\n\t\t\t\t<\/div>\n\t\t\t\t\t<\/div>\n\t\t<\/div>\n\t\t\t\t\t\t\t<\/div>\n\t\t<\/section>\n\t\t\t\t<section class=\"elementor-section elementor-top-section elementor-element elementor-element-8d0a493 elementor-section-full_width elementor-section-height-default elementor-section-height-default\" data-id=\"8d0a493\" data-element_type=\"section\">\n\t\t\t\t\t\t<div class=\"elementor-container elementor-column-gap-no\">\n\t\t\t\t\t<div class=\"elementor-column elementor-col-100 elementor-top-column elementor-element elementor-element-b778736\" data-id=\"b778736\" data-element_type=\"column\">\n\t\t\t<div class=\"elementor-widget-wrap elementor-element-populated\">\n\t\t\t\t\t\t\t\t<div class=\"elementor-element elementor-element-a35301f elementor-align-left elementor-widget elementor-widget-bdevs-contact\" data-id=\"a35301f\" data-element_type=\"widget\" data-widget_type=\"bdevs-contact.default\">\n\t\t\t\t<div class=\"elementor-widget-container\">\n\t\t\t\n        <section class=\"contact-form-area\">\n            <div class=\"container\">\n                <div class=\"form-wrapper\">\n                    <div id=\"contact-form\" class=\"contact-form\">\n                    \t\n<div class=\"wpcf7 no-js\" id=\"wpcf7-f405-o1\" lang=\"en-US\" dir=\"ltr\">\n<div class=\"screen-reader-response\"><p role=\"status\" aria-live=\"polite\" aria-atomic=\"true\"><\/p> <ul><\/ul><\/div>\n<form action=\"\/en\/wp-json\/wp\/v2\/pages\/18#wpcf7-f405-o1\" method=\"post\" class=\"wpcf7-form init\" aria-label=\"Contact form\" novalidate=\"novalidate\" data-status=\"init\">\n<div style=\"display: none;\">\n<input type=\"hidden\" name=\"_wpcf7\" value=\"405\" \/>\n<input type=\"hidden\" name=\"_wpcf7_version\" value=\"5.8.5\" \/>\n<input type=\"hidden\" name=\"_wpcf7_locale\" value=\"en_US\" \/>\n<input type=\"hidden\" name=\"_wpcf7_unit_tag\" value=\"wpcf7-f405-o1\" \/>\n<input type=\"hidden\" name=\"_wpcf7_container_post\" value=\"0\" \/>\n<input type=\"hidden\" name=\"_wpcf7_posted_data_hash\" value=\"\" \/>\n<\/div>\n<div class=\"wpcf7-response-output\" aria-hidden=\"true\"><\/div>\n<div class=\"row\">\n\t<div class=\"col-lg-6\">\n\t\t<div class=\"form-box user-icon mb-30\">\n\t\t\t<p><span class=\"wpcf7-form-control-wrap\" data-name=\"YourName\"><input size=\"40\" class=\"wpcf7-form-control wpcf7-text wpcf7-validates-as-required\" aria-required=\"true\" aria-invalid=\"false\" placeholder=\"Name\" value=\"\" type=\"text\" name=\"YourName\" \/><\/span>\n\t\t\t<\/p>\n\t\t<\/div>\n\t<\/div>\n\t<div class=\"col-lg-6\">\n\t\t<div class=\"form-box email-icon mb-30\">\n\t\t\t<p><span class=\"wpcf7-form-control-wrap\" data-name=\"YourEmail\"><input size=\"40\" class=\"wpcf7-form-control wpcf7-email wpcf7-text wpcf7-validates-as-email\" aria-invalid=\"false\" placeholder=\"E-Mail\" value=\"\" type=\"email\" name=\"YourEmail\" \/><\/span>\n\t\t\t<\/p>\n\t\t<\/div>\n\t<\/div>\n\t<div class=\"col-lg-6\">\n\t\t<div class=\"form-box phone-icon mb-30\">\n\t\t\t<p><span class=\"wpcf7-form-control-wrap\" data-name=\"YourPhone\"><input size=\"40\" class=\"wpcf7-form-control wpcf7-text wpcf7-validates-as-required\" aria-required=\"true\" aria-invalid=\"false\" placeholder=\"Phone\" value=\"\" type=\"text\" name=\"YourPhone\" \/><\/span>\n\t\t\t<\/p>\n\t\t<\/div>\n\t<\/div>\n\t<div class=\"col-lg-6\">\n\t\t<div class=\"form-box subject-icon mb-30\">\n\t\t\t<p><span class=\"wpcf7-form-control-wrap\" data-name=\"YourSubject\"><input size=\"40\" class=\"wpcf7-form-control wpcf7-text\" aria-invalid=\"false\" placeholder=\"Subject\" value=\"\" type=\"text\" name=\"YourSubject\" \/><\/span>\n\t\t\t<\/p>\n\t\t<\/div>\n\t<\/div>\n\t<div class=\"col-lg-12\">\n\t\t<div class=\"form-box message-icon mb-30\">\n\t\t\t<p><span class=\"wpcf7-form-control-wrap\" data-name=\"YourMessage\"><textarea cols=\"40\" rows=\"10\" class=\"wpcf7-form-control wpcf7-textarea wpcf7-validates-as-required\" aria-required=\"true\" aria-invalid=\"false\" placeholder=\"Your message\" name=\"YourMessage\"><\/textarea><\/span>\n\t\t\t<\/p>\n\t\t<\/div>\n\t\t<div class=\"contact-btn text-center\">\n\t\t\t<p><input class=\"wpcf7-form-control wpcf7-submit has-spinner btn btn-icon ml-0\" type=\"submit\" value=\"SUBMIT\" \/>\n\t\t\t<\/p>\n\t\t<\/div>\n\t<\/div>\n<\/div>\n<\/form>\n<\/div>\n                    <\/div>\n                <\/div>\n            <\/div>\n        <\/section>\n        \t\n\t\t\t<\/div>\n\t\t\t\t<\/div>\n\t\t\t\t\t<\/div>\n\t\t<\/div>\n\t\t\t\t\t\t\t<\/div>\n\t\t<\/section>\n\t\t\t\t<section class=\"elementor-section elementor-top-section elementor-element elementor-element-ce95ed5 elementor-section-full_width elementor-section-height-default elementor-section-height-default\" data-id=\"ce95ed5\" data-element_type=\"section\">\n\t\t\t\t\t\t<div class=\"elementor-container elementor-column-gap-no\">\n\t\t\t\t\t<div class=\"elementor-column elementor-col-100 elementor-top-column elementor-element elementor-element-3565285\" data-id=\"3565285\" data-element_type=\"column\">\n\t\t\t<div class=\"elementor-widget-wrap elementor-element-populated\">\n\t\t\t\t\t\t\t\t<div class=\"elementor-element elementor-element-52202aa elementor-widget elementor-widget-google_maps\" data-id=\"52202aa\" data-element_type=\"widget\" data-widget_type=\"google_maps.default\">\n\t\t\t\t<div class=\"elementor-widget-container\">\n\t\t\t<style>\/*! elementor - v3.18.0 - 20-12-2023 *\/\n.elementor-widget-google_maps .elementor-widget-container{overflow:hidden}.elementor-widget-google_maps .elementor-custom-embed{line-height:0}.elementor-widget-google_maps iframe{height:300px}<\/style>\t\t<div class=\"elementor-custom-embed\">\n\t\t\t<iframe loading=\"lazy\"\n\t\t\t\t\tsrc=\"https:\/\/maps.google.com\/maps?q=Caddebostan%2C%20Ba%C4%9Fdat%20Cd.%20No%3A287%2C%2034728%20Kad%C4%B1k%C3%B6y%2F%C4%B0stanbul&#038;t=m&#038;z=18&#038;output=embed&#038;iwloc=near\"\n\t\t\t\t\ttitle=\"Caddebostan, Ba\u011fdat Cd. No:287, 34728 Kad\u0131k\u00f6y\/\u0130stanbul\"\n\t\t\t\t\taria-label=\"Caddebostan, Ba\u011fdat Cd. No:287, 34728 Kad\u0131k\u00f6y\/\u0130stanbul\"\n\t\t\t><\/iframe>\n\t\t<\/div>\n\t\t\t\t<\/div>\n\t\t\t\t<\/div>\n\t\t\t\t\t<\/div>\n\t\t<\/div>\n\t\t\t\t\t\t\t<\/div>\n\t\t<\/section>\n\t\t<div class=\"elementor-element elementor-element-11f54525 e-con-full e-flex e-con e-parent\" data-id=\"11f54525\" data-element_type=\"container\" data-settings=\"{&quot;content_width&quot;:&quot;full&quot;}\" data-core-v316-plus=\"true\">\n\t\t<div class=\"elementor-element elementor-element-4e0c1a6a e-flex e-con-boxed e-con e-child\" data-id=\"4e0c1a6a\" data-element_type=\"container\" data-settings=\"{&quot;content_width&quot;:&quot;boxed&quot;}\">\n\t\t\t\t\t<div class=\"e-con-inner\">\n\t\t\t\t<div class=\"elementor-element elementor-element-3bb4db09 elementor-widget elementor-widget-text-editor\" data-id=\"3bb4db09\" data-element_type=\"widget\" data-widget_type=\"text-editor.default\">\n\t\t\t\t<div class=\"elementor-widget-container\">\n\t\t\t<style>\/*! elementor - v3.18.0 - 20-12-2023 *\/\n.elementor-widget-text-editor.elementor-drop-cap-view-stacked .elementor-drop-cap{background-color:#69727d;color:#fff}.elementor-widget-text-editor.elementor-drop-cap-view-framed .elementor-drop-cap{color:#69727d;border:3px solid;background-color:transparent}.elementor-widget-text-editor:not(.elementor-drop-cap-view-default) .elementor-drop-cap{margin-top:8px}.elementor-widget-text-editor:not(.elementor-drop-cap-view-default) .elementor-drop-cap-letter{width:1em;height:1em}.elementor-widget-text-editor .elementor-drop-cap{float:left;text-align:center;line-height:1;font-size:50px}.elementor-widget-text-editor .elementor-drop-cap-letter{display:inline-block}<\/style>\t\t\t\t<h5 style=\"text-align: center;\"><span style=\"color: #ffffff;\"><i class=\"fa-brands fa-square-instagram\" style=\"text-align: center;\">\u00a0<\/i><a style=\"color: #ffffff;\" href=\"https:\/\/www.instagram.com\/dr.gorkemgoker\/\" target=\"_blank\" rel=\"noopener\">Instagram<\/a>\u00a0 |\u00a0 <i class=\"fa-solid fa-phone\" style=\"text-align: center;\">\u00a0<\/i><a style=\"color: #ffffff;\" href=\"https:\/\/www.drgorkemgoker.com\/en\/contact-us\/\" rel=\"noopener\">Contact Us<\/a>\u00a0 |\u00a0\u00a0<i class=\"fa-solid fa-calendar-check\" style=\"text-align: center;\">\u00a0<\/i><a style=\"color: #ffffff;\" href=\"https:\/\/www.drgorkemgoker.com\/en\/make-an-appointment\/\" rel=\"noopener\">Make an Appointment<\/a><\/span><\/h5>\n<p style=\"text-align: center;\"><span style=\"color: #ffffff;\"><i class=\"far fa-envelope\">\u00a0<\/i><a style=\"color: #ffffff;\" href=\"mailto:info@drgorkemgoker.com\" target=\"_blank\" rel=\"noopener\">info@drgorkemgoker.com<\/a>\u00a0 |\u00a0 <i class=\"fas fa-phone\"><\/i>\u00a0<a style=\"color: #ffffff;\" href=\"tel:+905306718850\">+90 (530) 671 88 50<\/a> \u00a0 | \u00a0 <i class=\"far fa-flag\"><\/i>\u00a0<a style=\"color: #ffffff;\" href=\"https:\/\/maps.app.goo.gl\/hT8vbGYiBrjfAVS77\" target=\"_blank\" rel=\"noopener\">Feneryolu Mah. Ba\u011fdat Cad. No:71 \u0130stanbul\/T\u00fcrkiye<\/a><\/span><\/p>\n<p style=\"text-align: center;\"><span style=\"color: #ffffff;\"><a style=\"color: #ffffff;\" href=\"https:\/\/www.drgorkemgoker.com\/en\/prepless-veneer\/\">Prepless Veneer<\/a>\u00a0|\u00a0<a style=\"color: #ffffff;\" href=\"https:\/\/www.drgorkemgoker.com\/en\/aesthetic-fillings\/\">Aesthetic Fillings<\/a>\u00a0|\u00a0<a style=\"color: #ffffff;\" href=\"https:\/\/www.drgorkemgoker.com\/en\/zirconium-dental-veneers\/\">Zirconium Veneers<\/a>\u00a0|\u00a0<a style=\"color: #ffffff;\" href=\"https:\/\/www.drgorkemgoker.com\/en\/porcelain-laminates\/\">Porcelain Laminates<\/a>\u00a0|\u00a0<a style=\"color: #ffffff;\" href=\"https:\/\/www.drgorkemgoker.com\/en\/personalized-smile-design\/\">Smile Design<\/a><\/span><\/p>\n<p style=\"text-align: center;\"><span style=\"color: #ffffff;\">\u201cThe information contained on the website is to provide support. It is not a substitute for the physician examining the patient for medical purposes and making a diagnosis.\u201d<\/span><\/p>\t\t\t\t\t\t<\/div>\n\t\t\t\t<\/div>\n\t\t\t\t\t<\/div>\n\t\t\t\t<\/div>\n\t\t\t\t<\/div>\n\t\t\t\t\t\t\t<\/div>\n\t\t","protected":false},"excerpt":{"rendered":"<p>E-Mail gokergorkem@gmail.com Address Feneryolu, Ba\u011fdat St. No:71 Istanbul\/Turkey Phone +90 (530) 671 88 50 For everything you wonder Write us \u00a0Instagram\u00a0 |\u00a0 \u00a0Contact Us\u00a0 |\u00a0\u00a0\u00a0Make an Appointment \u00a0info@drgorkemgoker.com\u00a0 |\u00a0 \u00a0+90 (530) 671 88 50 \u00a0 | \u00a0 \u00a0Feneryolu Mah. Ba\u011fdat Cad. No:71 \u0130stanbul\/T\u00fcrkiye Prepless Veneer\u00a0|\u00a0Aesthetic Fillings\u00a0|\u00a0Zirconium Veneers\u00a0|\u00a0Porcelain Laminates\u00a0|\u00a0Smile Design \u201cThe information contained on the website [&hellip;]<\/p>\n","protected":false},"author":1,"featured_media":0,"parent":0,"menu_order":0,"comment_status":"closed","ping_status":"closed","template":"elementor_header_footer","meta":{"footnotes":""},"class_list":["post-18","page","type-page","status-publish","hentry"],"acf":[],"_links":{"self":[{"href":"https:\/\/www.drgorkemgoker.com\/en\/wp-json\/wp\/v2\/pages\/18","targetHints":{"allow":["GET"]}}],"collection":[{"href":"https:\/\/www.drgorkemgoker.com\/en\/wp-json\/wp\/v2\/pages"}],"about":[{"href":"https:\/\/www.drgorkemgoker.com\/en\/wp-json\/wp\/v2\/types\/page"}],"author":[{"embeddable":true,"href":"https:\/\/www.drgorkemgoker.com\/en\/wp-json\/wp\/v2\/users\/1"}],"replies":[{"embeddable":true,"href":"https:\/\/www.drgorkemgoker.com\/en\/wp-json\/wp\/v2\/comments?post=18"}],"version-history":[{"count":90,"href":"https:\/\/www.drgorkemgoker.com\/en\/wp-json\/wp\/v2\/pages\/18\/revisions"}],"predecessor-version":[{"id":5567,"href":"https:\/\/www.drgorkemgoker.com\/en\/wp-json\/wp\/v2\/pages\/18\/revisions\/5567"}],"wp:attachment":[{"href":"https:\/\/www.drgorkemgoker.com\/en\/wp-json\/wp\/v2\/media?parent=18"}],"curies":[{"name":"wp","href":"https:\/\/api.w.org\/{rel}","templated":true}]}}